{"id":1157,"date":"2024-01-09T09:11:34","date_gmt":"2024-01-09T08:11:34","guid":{"rendered":"https:\/\/fliegengitter-nuernberg-region.de\/imprint\/"},"modified":"2025-04-12T22:21:55","modified_gmt":"2025-04-12T20:21:55","slug":"imprint","status":"publish","type":"page","link":"https:\/\/fliegengitter-nuernberg-region.de\/en\/imprint\/","title":{"rendered":"Imprint"},"content":{"rendered":"<p>[et_pb_section fb_built=&#8221;1&#8243; custom_padding_last_edited=&#8221;on|phone&#8221; admin_label=&#8221;Inhaltsabschnitt&#8221; _builder_version=&#8221;4.23.4&#8243; _module_preset=&#8221;default&#8221; background_enable_color=&#8221;off&#8221; background_enable_pattern_style=&#8221;on&#8221; background_pattern_style=&#8221;squares&#8221; background_pattern_color=&#8221;rgba(234,234,234,0.2)&#8221; background_pattern_transform=&#8221;invert&#8221; custom_padding=&#8221;75px||75px||true|false&#8221; custom_padding_tablet=&#8221;50px||25px||false|false&#8221; custom_padding_phone=&#8221;50px||||false|false&#8221; hover_transition_duration=&#8221;0ms&#8221; collapsed=&#8221;off&#8221; global_colors_info=&#8221;{}&#8221;][et_pb_row use_custom_gutter=&#8221;on&#8221; gutter_width=&#8221;2&#8243; custom_padding_last_edited=&#8221;on|tablet&#8221; _builder_version=&#8221;4.23.4&#8243; _module_preset=&#8221;default&#8221; custom_padding=&#8221;33px||30px||false|false&#8221; custom_padding_tablet=&#8221;0px||0px||false|false&#8221; custom_padding_phone=&#8221;0px||0px||false|false&#8221; collapsed=&#8221;off&#8221; global_colors_info=&#8221;{}&#8221;][et_pb_column type=&#8221;4_4&#8243; _builder_version=&#8221;4.23&#8243; _module_preset=&#8221;default&#8221; global_colors_info=&#8221;{}&#8221;][et_pb_text _builder_version=&#8221;4.27.4&#8243; _module_preset=&#8221;default&#8221; link_font=&#8221;||||on||||&#8221; header_2_font_size=&#8221;22px&#8221; global_colors_info=&#8221;{}&#8221;]<\/p>\n<h1>Imprint<\/h1>\n<h2><\/h2>\n<h2><\/h2>\n<h2>Information according to \u00a7 5 DDG<\/h2>\n<p>J\u00fcrgen H\u00e4fner<br \/>Fly Screen Service<br \/>Bucher Stra\u00dfe 102<br \/>90408 Nuremberg<\/p>\n<h2><\/h2>\n<h2>Contact us<\/h2>\n<p>Phone: 0911 \/ 307 391 06<br \/>E-mail: info@fliegen-stopp.de<\/p>\n<h2><\/h2>\n<h2>Sales tax ID<\/h2>\n<p>Sales tax identification number according to \u00a7 27 a sales tax law:<br \/>DE298376960<\/p>\n<h2><\/h2>\n<h2>Editorially responsible<\/h2>\n<p>J\u00fcrgen H\u00e4fner<br \/>Bucher Stra\u00dfe 102<br \/>90408 Nuremberg<\/p>\n<h2><\/h2>\n<h2>Consumer dispute resolution\/universal arbitration board<\/h2>\n<p>We are not willing or obliged to participate in dispute resolution proceedings before a consumer arbitration board.<\/p>\n<h2><\/h2>\n<h2>Sources for the images used<\/h2>\n<p><strong><\/strong><\/p>\n<p><strong>stock.adobe.com:<\/strong><\/p>\n<p>&#8211; Hand hold mosquito net wire screen handle on house window by <a href=\"https:\/\/stock.adobe.com\/de\/contributor\/200773072\/piman-khrutmuang?load_type=author&amp;prev_url=detail\">Piman Khrutmuang <\/a> <\/p>\n<p>&#8211; Woman hand hold retractable pleated insect screen holder to open or close the window ,selective focus on the hand by <a href=\"https:\/\/stock.adobe.com\/de\/contributor\/209146202\/chalinee?load_type=author&amp;prev_url=detail\">Chalinee <\/a> <\/p>\n<p>&#8211; White window with mosquito net in a rustic wooden house overlooking the garden. Bouquet of pink peonies in watering can on the windowsill by <a href=\"https:\/\/stock.adobe.com\/de\/contributor\/200737995\/olga-ionina?load_type=author&amp;prev_url=detail\">Olga Ionina <\/a> <\/p>\n<p>&#8211; Woman hand hold retractable pleated insect screen holder to open or close the window ,mosquito nets by <a href=\"https:\/\/stock.adobe.com\/de\/contributor\/205114170\/graphicroyalty?load_type=author&amp;prev_url=detail\">Graphicroyalty <\/a> <\/p>\n<p>&#8211; Curious Cat is Playing with a Small Flying Beetle on the mosquito net. Humor, funny pets. Domestic cat looks outdoors trough the open window. Protection from ticks, fleas. Kitten attacking the fly. by <a href=\"https:\/\/stock.adobe.com\/de\/contributor\/209653851\/marina-demidiuk?load_type=author&amp;prev_url=detail\">Marina Demidiuk <\/a> <\/p>\n<p>&#8211; A snowman in the garden of a house by <a href=\"https:\/\/stock.adobe.com\/de\/contributor\/212337012\/pascal?load_type=author&amp;prev_url=detail\" data-ingest-clicktype=\"details-contributor-link\">Pascal<\/a><\/p>\n<p>&#8211; Arachnophobia by <a href=\"https:\/\/stock.adobe.com\/de\/contributor\/200747503\/eugen-thome?load_type=author&amp;prev_url=detail\" data-ingest-clicktype=\"details-contributor-link\">Eugen Thome<\/a><br \/><em style=\"box-sizing: border-box; margin: 0px; padding: 0px; border: 0px; outline: 0px; font-size: 13px; text-size-adjust: 100%; vertical-align: baseline; background: transparent; font-style: italic;\"><\/em><\/p>\n<p>&#8211; Skylight on a residential building, exterior photograph by U <a href=\"https:\/\/stock.adobe.com\/de\/contributor\/205976592\/u-j-alexander?load_type=author&amp;prev_url=detail\" data-ingest-clicktype=\"details-contributor-link\">. J. Alexander <\/a> <\/p>\n<p>&#8211; Freshly cut grass in the backyard of a private house by <a href=\"https:\/\/stock.adobe.com\/de\/contributor\/204013685\/sv-production?load_type=author&amp;prev_url=detail\" data-ingest-clicktype=\"details-contributor-link\"> sv_production <\/a> <\/p>\n<p>&#8211; Modern white townhouse with sleek architectural details and private balconies overlooking the busy city of <a href=\"https:\/\/stock.adobe.com\/de\/contributor\/212272618\/intach?load_type=author&amp;prev_url=detail\">Intach <\/a> <\/p>\n<p>&#8211; Ice Frozen on Window Screen by <a href=\"https:\/\/stock.adobe.com\/de\/contributor\/144431\/lane-erickson?load_type=author&amp;prev_url=detail\">Lane Erickson <\/a> <\/p>\n<p>&#8211; Asian Tiger Mosquito close-up image. Generative AI. by <a href=\"https:\/\/stock.adobe.com\/de\/contributor\/124091\/microgen?load_type=author&amp;prev_url=detail\">Microgen<\/a>  <\/p>\n<p>&#8211; Meadow with lots of white and pink spring daisy flowers in sunny day. Nature landscape in estonia in early summer by <a href=\"https:\/\/stock.adobe.com\/de\/contributor\/203140117\/candy1812?load_type=author&amp;prev_url=detail\">candy1812<\/a> <\/p>\n<p>&#8211; Sun-drenched minimalist interior with a potted plant by <a data-t=\"details-contributor-link\" href=\"https:\/\/stock.adobe.com\/de\/contributor\/212040360\/liza?load_type=author&amp;prev_url=detail\">Liza<\/a><\/p>\n<p style=\"margin-bottom: 0cm;\">\n<p>[\/et_pb_text][\/et_pb_column][\/et_pb_row][\/et_pb_section]<\/p>\n","protected":false},"excerpt":{"rendered":"<p>Imprint Information according to \u00a7 5 DDG J\u00fcrgen H\u00e4fnerFly Screen ServiceBucher Stra\u00dfe 10290408 Nuremberg Contact us Phone: 0911 \/ 307 391 06E-mail: info@fliegen-stopp.de Sales tax ID Sales tax identification number according to \u00a7 27 a sales tax law:DE298376960 Editorially responsible J\u00fcrgen H\u00e4fnerBucher Stra\u00dfe 10290408 Nuremberg Consumer dispute resolution\/universal arbitration board We are not willing or [&hellip;]<\/p>\n","protected":false},"author":1,"featured_media":0,"parent":0,"menu_order":0,"comment_status":"closed","ping_status":"closed","template":"","meta":{"_et_pb_use_builder":"on","_et_pb_old_content":"","_et_gb_content_width":"","footnotes":""},"class_list":["post-1157","page","type-page","status-publish","hentry"],"yoast_head":"<!-- This site is optimized with the Yoast SEO plugin v27.3 - https:\/\/yoast.com\/product\/yoast-seo-wordpress\/ -->\n<title>Imprint - Fliegen-Stopp.de | Fliegengitter f\u00fcr N\u00fcrnberg und die Region<\/title>\n<meta name=\"robots\" content=\"index, follow, max-snippet:-1, max-image-preview:large, max-video-preview:-1\" \/>\n<link rel=\"canonical\" href=\"https:\/\/fliegengitter-nuernberg-region.de\/en\/imprint\/\" \/>\n<meta property=\"og:locale\" content=\"en_US\" \/>\n<meta property=\"og:type\" content=\"article\" \/>\n<meta property=\"og:title\" content=\"Imprint - Fliegen-Stopp.de | Fliegengitter f\u00fcr N\u00fcrnberg und die Region\" \/>\n<meta property=\"og:description\" content=\"Imprint Information according to \u00a7 5 DDG J\u00fcrgen H\u00e4fnerFly Screen ServiceBucher Stra\u00dfe 10290408 Nuremberg Contact us Phone: 0911 \/ 307 391 06E-mail: info@fliegen-stopp.de Sales tax ID Sales tax identification number according to \u00a7 27 a sales tax law:DE298376960 Editorially responsible J\u00fcrgen H\u00e4fnerBucher Stra\u00dfe 10290408 Nuremberg Consumer dispute resolution\/universal arbitration board We are not willing or [&hellip;]\" \/>\n<meta property=\"og:url\" content=\"https:\/\/fliegengitter-nuernberg-region.de\/en\/imprint\/\" \/>\n<meta property=\"og:site_name\" content=\"Fliegen-Stopp.de | Fliegengitter f\u00fcr N\u00fcrnberg und die Region\" \/>\n<meta property=\"article:modified_time\" content=\"2025-04-12T20:21:55+00:00\" \/>\n<meta name=\"twitter:card\" content=\"summary_large_image\" \/>\n<meta name=\"twitter:label1\" content=\"Est. reading time\" \/>\n\t<meta name=\"twitter:data1\" content=\"2 minutes\" \/>\n<script type=\"application\/ld+json\" class=\"yoast-schema-graph\">{\"@context\":\"https:\\\/\\\/schema.org\",\"@graph\":[{\"@type\":\"WebPage\",\"@id\":\"https:\\\/\\\/fliegengitter-nuernberg-region.de\\\/en\\\/imprint\\\/\",\"url\":\"https:\\\/\\\/fliegengitter-nuernberg-region.de\\\/en\\\/imprint\\\/\",\"name\":\"Imprint - Fliegen-Stopp.de | Fliegengitter f\u00fcr N\u00fcrnberg und die Region\",\"isPartOf\":{\"@id\":\"https:\\\/\\\/fliegengitter-nuernberg-region.de\\\/en\\\/#website\"},\"datePublished\":\"2024-01-09T08:11:34+00:00\",\"dateModified\":\"2025-04-12T20:21:55+00:00\",\"breadcrumb\":{\"@id\":\"https:\\\/\\\/fliegengitter-nuernberg-region.de\\\/en\\\/imprint\\\/#breadcrumb\"},\"inLanguage\":\"en-US\",\"potentialAction\":[{\"@type\":\"ReadAction\",\"target\":[\"https:\\\/\\\/fliegengitter-nuernberg-region.de\\\/en\\\/imprint\\\/\"]}]},{\"@type\":\"BreadcrumbList\",\"@id\":\"https:\\\/\\\/fliegengitter-nuernberg-region.de\\\/en\\\/imprint\\\/#breadcrumb\",\"itemListElement\":[{\"@type\":\"ListItem\",\"position\":1,\"name\":\"Startseite\",\"item\":\"https:\\\/\\\/fliegengitter-nuernberg-region.de\\\/en\\\/\"},{\"@type\":\"ListItem\",\"position\":2,\"name\":\"Imprint\"}]},{\"@type\":\"WebSite\",\"@id\":\"https:\\\/\\\/fliegengitter-nuernberg-region.de\\\/en\\\/#website\",\"url\":\"https:\\\/\\\/fliegengitter-nuernberg-region.de\\\/en\\\/\",\"name\":\"Fliegen-Stopp.de | Fliegengitter f\u00fcr N\u00fcrnberg und die Region\",\"description\":\"\",\"publisher\":{\"@id\":\"https:\\\/\\\/fliegengitter-nuernberg-region.de\\\/en\\\/#organization\"},\"potentialAction\":[{\"@type\":\"SearchAction\",\"target\":{\"@type\":\"EntryPoint\",\"urlTemplate\":\"https:\\\/\\\/fliegengitter-nuernberg-region.de\\\/en\\\/?s={search_term_string}\"},\"query-input\":{\"@type\":\"PropertyValueSpecification\",\"valueRequired\":true,\"valueName\":\"search_term_string\"}}],\"inLanguage\":\"en-US\"},{\"@type\":\"Organization\",\"@id\":\"https:\\\/\\\/fliegengitter-nuernberg-region.de\\\/en\\\/#organization\",\"name\":\"Fliegen-Stopp.de | Fliegengitter f\u00fcr N\u00fcrnberg und die Region\",\"url\":\"https:\\\/\\\/fliegengitter-nuernberg-region.de\\\/en\\\/\",\"logo\":{\"@type\":\"ImageObject\",\"inLanguage\":\"en-US\",\"@id\":\"https:\\\/\\\/fliegengitter-nuernberg-region.de\\\/en\\\/#\\\/schema\\\/logo\\\/image\\\/\",\"url\":\"https:\\\/\\\/fliegengitter-nuernberg-region.de\\\/wp-content\\\/uploads\\\/2023\\\/11\\\/Logo-Fliegengitter-Service-Nuernberg-Juergen-Haefner-1.png\",\"contentUrl\":\"https:\\\/\\\/fliegengitter-nuernberg-region.de\\\/wp-content\\\/uploads\\\/2023\\\/11\\\/Logo-Fliegengitter-Service-Nuernberg-Juergen-Haefner-1.png\",\"width\":566,\"height\":282,\"caption\":\"Fliegen-Stopp.de | Fliegengitter f\u00fcr N\u00fcrnberg und die Region\"},\"image\":{\"@id\":\"https:\\\/\\\/fliegengitter-nuernberg-region.de\\\/en\\\/#\\\/schema\\\/logo\\\/image\\\/\"}}]}<\/script>\n<!-- \/ Yoast SEO plugin. -->","yoast_head_json":{"title":"Imprint - Fliegen-Stopp.de | Fliegengitter f\u00fcr N\u00fcrnberg und die Region","robots":{"index":"index","follow":"follow","max-snippet":"max-snippet:-1","max-image-preview":"max-image-preview:large","max-video-preview":"max-video-preview:-1"},"canonical":"https:\/\/fliegengitter-nuernberg-region.de\/en\/imprint\/","og_locale":"en_US","og_type":"article","og_title":"Imprint - Fliegen-Stopp.de | Fliegengitter f\u00fcr N\u00fcrnberg und die Region","og_description":"Imprint Information according to \u00a7 5 DDG J\u00fcrgen H\u00e4fnerFly Screen ServiceBucher Stra\u00dfe 10290408 Nuremberg Contact us Phone: 0911 \/ 307 391 06E-mail: info@fliegen-stopp.de Sales tax ID Sales tax identification number according to \u00a7 27 a sales tax law:DE298376960 Editorially responsible J\u00fcrgen H\u00e4fnerBucher Stra\u00dfe 10290408 Nuremberg Consumer dispute resolution\/universal arbitration board We are not willing or [&hellip;]","og_url":"https:\/\/fliegengitter-nuernberg-region.de\/en\/imprint\/","og_site_name":"Fliegen-Stopp.de | Fliegengitter f\u00fcr N\u00fcrnberg und die Region","article_modified_time":"2025-04-12T20:21:55+00:00","twitter_card":"summary_large_image","twitter_misc":{"Est. reading time":"2 minutes"},"schema":{"@context":"https:\/\/schema.org","@graph":[{"@type":"WebPage","@id":"https:\/\/fliegengitter-nuernberg-region.de\/en\/imprint\/","url":"https:\/\/fliegengitter-nuernberg-region.de\/en\/imprint\/","name":"Imprint - Fliegen-Stopp.de | Fliegengitter f\u00fcr N\u00fcrnberg und die Region","isPartOf":{"@id":"https:\/\/fliegengitter-nuernberg-region.de\/en\/#website"},"datePublished":"2024-01-09T08:11:34+00:00","dateModified":"2025-04-12T20:21:55+00:00","breadcrumb":{"@id":"https:\/\/fliegengitter-nuernberg-region.de\/en\/imprint\/#breadcrumb"},"inLanguage":"en-US","potentialAction":[{"@type":"ReadAction","target":["https:\/\/fliegengitter-nuernberg-region.de\/en\/imprint\/"]}]},{"@type":"BreadcrumbList","@id":"https:\/\/fliegengitter-nuernberg-region.de\/en\/imprint\/#breadcrumb","itemListElement":[{"@type":"ListItem","position":1,"name":"Startseite","item":"https:\/\/fliegengitter-nuernberg-region.de\/en\/"},{"@type":"ListItem","position":2,"name":"Imprint"}]},{"@type":"WebSite","@id":"https:\/\/fliegengitter-nuernberg-region.de\/en\/#website","url":"https:\/\/fliegengitter-nuernberg-region.de\/en\/","name":"Fliegen-Stopp.de | Fliegengitter f\u00fcr N\u00fcrnberg und die Region","description":"","publisher":{"@id":"https:\/\/fliegengitter-nuernberg-region.de\/en\/#organization"},"potentialAction":[{"@type":"SearchAction","target":{"@type":"EntryPoint","urlTemplate":"https:\/\/fliegengitter-nuernberg-region.de\/en\/?s={search_term_string}"},"query-input":{"@type":"PropertyValueSpecification","valueRequired":true,"valueName":"search_term_string"}}],"inLanguage":"en-US"},{"@type":"Organization","@id":"https:\/\/fliegengitter-nuernberg-region.de\/en\/#organization","name":"Fliegen-Stopp.de | Fliegengitter f\u00fcr N\u00fcrnberg und die Region","url":"https:\/\/fliegengitter-nuernberg-region.de\/en\/","logo":{"@type":"ImageObject","inLanguage":"en-US","@id":"https:\/\/fliegengitter-nuernberg-region.de\/en\/#\/schema\/logo\/image\/","url":"https:\/\/fliegengitter-nuernberg-region.de\/wp-content\/uploads\/2023\/11\/Logo-Fliegengitter-Service-Nuernberg-Juergen-Haefner-1.png","contentUrl":"https:\/\/fliegengitter-nuernberg-region.de\/wp-content\/uploads\/2023\/11\/Logo-Fliegengitter-Service-Nuernberg-Juergen-Haefner-1.png","width":566,"height":282,"caption":"Fliegen-Stopp.de | Fliegengitter f\u00fcr N\u00fcrnberg und die Region"},"image":{"@id":"https:\/\/fliegengitter-nuernberg-region.de\/en\/#\/schema\/logo\/image\/"}}]}},"_links":{"self":[{"href":"https:\/\/fliegengitter-nuernberg-region.de\/en\/wp-json\/wp\/v2\/pages\/1157","targetHints":{"allow":["GET"]}}],"collection":[{"href":"https:\/\/fliegengitter-nuernberg-region.de\/en\/wp-json\/wp\/v2\/pages"}],"about":[{"href":"https:\/\/fliegengitter-nuernberg-region.de\/en\/wp-json\/wp\/v2\/types\/page"}],"author":[{"embeddable":true,"href":"https:\/\/fliegengitter-nuernberg-region.de\/en\/wp-json\/wp\/v2\/users\/1"}],"replies":[{"embeddable":true,"href":"https:\/\/fliegengitter-nuernberg-region.de\/en\/wp-json\/wp\/v2\/comments?post=1157"}],"version-history":[{"count":21,"href":"https:\/\/fliegengitter-nuernberg-region.de\/en\/wp-json\/wp\/v2\/pages\/1157\/revisions"}],"predecessor-version":[{"id":2793,"href":"https:\/\/fliegengitter-nuernberg-region.de\/en\/wp-json\/wp\/v2\/pages\/1157\/revisions\/2793"}],"wp:attachment":[{"href":"https:\/\/fliegengitter-nuernberg-region.de\/en\/wp-json\/wp\/v2\/media?parent=1157"}],"curies":[{"name":"wp","href":"https:\/\/api.w.org\/{rel}","templated":true}]}}